{"id":5620,"date":"2020-09-30T19:53:09","date_gmt":"2020-09-30T20:53:09","guid":{"rendered":"https:\/\/www.alpa.it\/?page_id=5620"},"modified":"2020-10-19T13:34:46","modified_gmt":"2020-10-19T14:34:46","slug":"embrace-risonanza-magnetica-neonatale-domande-e-risposte","status":"publish","type":"page","link":"https:\/\/www.alpa.it\/index.php\/embrace-risonanza-magnetica-neonatale-domande-e-risposte\/","title":{"rendered":"Embrace risonanza magnetica neonatale, domande e risposte:"},"content":{"rendered":"<h5>&nbsp;<\/h5>\n<h5><span class=\"tlid-translation translation\" lang=\"it\">Domanda:<br \/>\nEmbrace\u00ae \u00e8 approvato dalla FDA?<\/span><\/h5>\n<h5>Risposta:<br \/>\nS\u00ec, Embrace\u00ae ha ricevuto l&#8217;approvazione FDA 510 (k) nel luglio 2017.<\/h5>\n<h5>Domanda:<br \/>\nEmbrace\u00ae \u00e8 certificato CE?<\/h5>\n<h5>Risposta:<br \/>\nS\u00ec, Embrace\u00ae ha ricevuto la certificazione CE nell&#8217;ottobre 2017.<\/h5>\n<h5>Domanda:<br \/>\nDov&#8217;\u00e8 attualmente installato il sistema e qual \u00e8 il tasso di utilizzo?<\/h5>\n<h5>Risposta:<\/h5>\n<h5>Il sistema \u00e8 attualmente in esecuzione su una base di ricerca a Gerusalemme, Israele. Viene utilizzato in media due volte a settimana. Il sistema \u00e8 progettato per sostituire gli Stati Uniti, consentendo fino a 10 scansioni al giorno.<\/h5>\n<h5><span class=\"tlid-translation translation\" lang=\"it\">Domanda:<br \/>\nCi sono limitazioni per quanto riguarda il peso del paziente? Taglia? Et\u00e0? (Limiti inferiore e superiore)<\/span><\/h5>\n<h5>Risposta:<\/h5>\n<h5>Embrace\u00ae \u00e8 progettato per bambini di peso compreso tra 1 kg e 4-5 kg \u200b\u200be una circonferenza della testa massima di 38 cm. Questo \u00e8 adatto per oltre il 95% della popolazione neonatale, da pretermine a termine (in base a Centers for Disease Control and Prevention, giugno 2016).<\/h5>\n<h5>Domanda:<br \/>\nA che distanza dalla UTIN pu\u00f2 essere posizionato il sistema?<\/h5>\n<h5>Risposta:<\/h5>\n<h5>Non ci sono limitazioni per quanto riguarda la vicinanza del sistema alla NICU. \u00c8 progettato per essere posizionato senza schermatura aggiuntiva. \u00c8 progettato per essere installato all&#8217;interno della NICU.<\/h5>\n<h5>Domanda:<br \/>\nCome viene misurata la temperatura del bambino?<\/h5>\n<h5>Risposta:<\/h5>\n<h5>La temperatura del bambino pu\u00f2 essere misurata tramite un sensore di temperatura superficiale MR Safe collegato a un monitor MR conditional (paziente) esterno.<\/h5>\n<h5>Domanda:<br \/>\nCome controlliamo la temperatura all&#8217;interno dello scomparto del bambino?<\/h5>\n<h5>Risposta:<\/h5>\n<h5>La temperatura del vano \u00e8 controllata tramite un sistema di riscaldamento a circolazione d&#8217;aria a circuito chiuso. La temperatura pu\u00f2 essere impostata alla temperatura desiderata, compresa tra la temperatura ambiente e fino a 36,5 \u00b0 C.<\/h5>\n<h5>Domanda:<br \/>\nQual \u00e8 il fabbisogno di energia elettrica?<\/h5>\n<h5>Risposta:<\/h5>\n<h5>A differenza dei tradizionali sistemi MRI superconduttori, Embrace\u00ae ha un basso fabbisogno di energia elettrica. Embrace\u00ae richiede solo 200-220 o 220-240 monofase. Alimentazione elettrica VAC, 12A all&#8217;armadio elettrico. Se lo si desidera, il rack pu\u00f2 essere spento di notte per un consumo di energia elettrica pari a zero.<\/h5>\n<h5>Domanda:<br \/>\nQual \u00e8 il peso del sistema Embrace\u00ae?<\/h5>\n<h5>Risposta:<\/h5>\n<h5>Il magnete pesa 5.500 kg<\/h5>\n<h5>L&#8217;armadio elettrico pesa 350 kg<\/h5>\n<h5>Il letto del paziente pesa 180 kg<\/h5>\n<h5>Domanda:<br \/>\nIl magnete richiede il raffreddamento criogenico?<\/h5>\n<h5>Risposta:<\/h5>\n<h5>No.<\/h5>\n<h5>Domanda:<br \/>\nQual \u00e8 la massima potenza dissipata?<\/h5>\n<h5>Risposta:<\/h5>\n<h5>La massima potenza dissipata \u00e8 inferiore a 2,7 KW.<\/h5>\n<h5>Domanda:<br \/>\nPossiamo programmare le nostre sequenze?<\/h5>\n<h5>Risposta:<\/h5>\n<h5>Il sistema include le sequenze di base, come SE, FSE GRE DWI. Tutti i parametri della sequenza possono essere regolati dallo specialista dell&#8217;applicazione.<\/h5>\n<h5>Domanda:<br \/>\nQuali sequenze sono disponibili? Quali sono le capacit\u00e0 di imaging di questo dispositivo?<\/h5>\n<h5>Risposta:<\/h5>\n<h5>Sono disponibili le seguenti sequenze:<\/h5>\n<h5>Spin Echo (SE)<br \/>\nFast Spin Echo (FSE)<br \/>\nEco gradiente (GRE: 2D, 3D)<br \/>\nMappa ADC di immagini pesate in diffusione tramite eco di rotazione<\/h5>\n<h5>Un tipico protocollo impostato per scopi diagnostici include i seguenti protocolli:<\/h5>\n<h5>2D T1W SE<br \/>\n2D T2W FSE<br \/>\n3D T1W GRE<br \/>\nMappa ADC Single Shot Splice<\/h5>\n<h5>Domanda:<br \/>\nQual \u00e8 il tempo tipico per una scansione?<\/h5>\n<h5>Risposta:<\/h5>\n<h5>Un tempo di scansione tipico per scopi diagnostici \u00e8 di ~ 20 minuti<\/h5>\n<h5>Il tempo di scansione delle sequenze 2D (SE, FSE) \u00e8 di ~ 3 minuti<\/h5>\n<h5>Il tempo di scansione delle sequenze 3D (3D GRE) \u00e8 di ~ 5 minuti<\/h5>\n<h5>Il tempo di scansione delle sequenze della mappa ADC \u00e8 di ~ 7 minuti<\/h5>\n<h5>Il tempo di scansione pu\u00f2 cambiare nel caso in cui il numero di sezioni venga aumentato (il che potrebbe richiedere un aumento del TR) o se sono necessarie pi\u00f9 medie per aumentare l&#8217;SNR<\/h5>\n<h5>L&#8217;intera procedura, dalla preparazione iniziale, alla scansione, fino al ritorno a letto del paziente, in genere richiede meno di un&#8217;ora.<\/h5>\n<h5>Domanda:<br \/>\nQual \u00e8 la risoluzione massima dell&#8217;immagine?<\/h5>\n<h5>Risposta:<\/h5>\n<h5>In linea di principio, \u00e8 possibile acquisire sequenze 2D e 3D con una risoluzione di 0,3 mm. Per scopi clinici, i parametri di risoluzione tipici per il cervello neonatale sono i seguenti:<\/h5>\n<h5>Sequenze 2D (FSE, SE): 0,8 x 0,8 x 3 mm3<br \/>\nSequenze 3D (GRE): 1 x 1 x 1 mm3<br \/>\nMappa ADC: 2 x 2 x 4 mm3<\/h5>\n<h5>Domanda:<br \/>\nHai una bobina array? Immagini parallele?<\/h5>\n<h5>Risposta:<\/h5>\n<h5>Il sistema ha una bobina lineare di trasmissione-ricezione.<\/h5>\n<h5>Domanda:<br \/>\nCome si confronta la qualit\u00e0 dell&#8217;immagine rispetto agli scanner clinici?<\/h5>\n<h5>Risposta:<\/h5>\n<h5>Il sistema confronta le immagini del sistema Embrace\u00ae con uno scanner commerciale da 1,5 Tesla. I risultati mostrano una qualit\u00e0 dell&#8217;immagine comparabile, suggerendo un uguale livello di efficacia diagnostica clinica.<\/h5>\n<h5>Tipiche immagini T1: Sinistra: 1.5 Tesla Siemens Aera Destra: Tesla Embrace System<\/h5>\n<h5>Domanda:<br \/>\nCome vengono inviate le immagini al PACS? Hai MWL?<\/h5>\n<h5>Risposta:<\/h5>\n<h5>La stazione della tecnologia MR \u00e8 molto simile alla risonanza magnetica a corpo intero e il sistema supporta Modality Work List e pi\u00f9 server PACS.<\/h5>\n<h5>Domanda:<br \/>\nQuanto \u00e8 rumoroso?<\/h5>\n<h5>Risposta:<\/h5>\n<h5>Il rumore acustico all&#8217;esterno del magnete, all&#8217;interno della sala MRI, non supera i 71 dBA (picco) e i 69 dBA mediati nel tempo.<\/h5>\n<h5>Il rumore acustico massimo durante la scansione all&#8217;interno del compartimento neonatale del letto del paziente non supera il picco di 87 dBA e la media di 85 dBA nel tempo.<\/h5>\n<h5>Domanda:<br \/>\nAbbiamo bisogno di monitor paziente compatibili con la risonanza magnetica?<\/h5>\n<h5>Risposta:<\/h5>\n<h5>S\u00ec. Per monitorare i parametri vitali del neonato durante la scansione MRI, \u00e8 necessario utilizzare monitor paziente compatibili con la MRI (per informazioni su SPO2, ECG e frequenza cardiaca).<\/h5>\n<h5>Domanda:<br \/>\nPossiamo immaginare bambini intubati?<\/h5>\n<h5>Risposta:<\/h5>\n<h5>S\u00ec. La bobina per la testa RF \u00e8 progettata con un&#8217;apertura nella zona della bocca per consentire l&#8217;imaging di bambini intubati. Anno Domini<\/h5>\n<h5>&nbsp;<\/h5>\n<p>&nbsp;<\/p>\n<p>&nbsp;<\/p>\n","protected":false},"excerpt":{"rendered":"<p>&nbsp; Domanda: Embrace\u00ae \u00e8 approvato dalla FDA? Risposta: S\u00ec, Embrace\u00ae ha ricevuto l&#8217;approvazione FDA 510 (k) nel luglio 2017. Domanda: Embrace\u00ae \u00e8 certificato CE? Risposta: S\u00ec, Embrace\u00ae ha ricevuto la certificazione CE nell&#8217;ottobre 2017. Domanda: Dov&#8217;\u00e8 attualmente installato il sistema e qual \u00e8 il tasso di utilizzo? Risposta: Il sistema \u00e8 attualmente in esecuzione su  [&#8230;]<\/p>\n","protected":false},"author":2,"featured_media":5599,"parent":0,"menu_order":0,"comment_status":"closed","ping_status":"closed","template":"","meta":{"_bbp_topic_count":0,"_bbp_reply_count":0,"_bbp_total_topic_count":0,"_bbp_total_reply_count":0,"_bbp_voice_count":0,"_bbp_anonymous_reply_count":0,"_bbp_topic_count_hidden":0,"_bbp_reply_count_hidden":0,"_bbp_forum_subforum_count":0,"ngg_post_thumbnail":0,"footnotes":""},"class_list":["post-5620","page","type-page","status-publish","has-post-thumbnail","hentry"],"_links":{"self":[{"href":"https:\/\/www.alpa.it\/index.php\/wp-json\/wp\/v2\/pages\/5620","targetHints":{"allow":["GET"]}}],"collection":[{"href":"https:\/\/www.alpa.it\/index.php\/wp-json\/wp\/v2\/pages"}],"about":[{"href":"https:\/\/www.alpa.it\/index.php\/wp-json\/wp\/v2\/types\/page"}],"author":[{"embeddable":true,"href":"https:\/\/www.alpa.it\/index.php\/wp-json\/wp\/v2\/users\/2"}],"replies":[{"embeddable":true,"href":"https:\/\/www.alpa.it\/index.php\/wp-json\/wp\/v2\/comments?post=5620"}],"version-history":[{"count":3,"href":"https:\/\/www.alpa.it\/index.php\/wp-json\/wp\/v2\/pages\/5620\/revisions"}],"predecessor-version":[{"id":5633,"href":"https:\/\/www.alpa.it\/index.php\/wp-json\/wp\/v2\/pages\/5620\/revisions\/5633"}],"wp:featuredmedia":[{"embeddable":true,"href":"https:\/\/www.alpa.it\/index.php\/wp-json\/wp\/v2\/media\/5599"}],"wp:attachment":[{"href":"https:\/\/www.alpa.it\/index.php\/wp-json\/wp\/v2\/media?parent=5620"}],"curies":[{"name":"wp","href":"https:\/\/api.w.org\/{rel}","templated":true}]}}