{"id":5404,"date":"2018-07-30T08:20:10","date_gmt":"2018-07-30T09:20:10","guid":{"rendered":"https:\/\/www.alpa.it\/?page_id=5404"},"modified":"2021-10-10T07:02:16","modified_gmt":"2021-10-10T08:02:16","slug":"alpa-srl-politica-per-la-qualita","status":"publish","type":"page","link":"https:\/\/www.alpa.it\/index.php\/alpa-srl-politica-per-la-qualita\/","title":{"rendered":"Alpa Srl, politica per la qualit\u00e0"},"content":{"rendered":"<p>&nbsp;<\/p>\n<p>&nbsp;<\/p>\n<h2 class=\"western\" align=\"center\">Politica per la qualit\u00e0<\/h2>\n<p class=\"western\" align=\"justify\"><span style=\"color: #000000;\"><span style=\"font-size: medium;\">La qualit\u00e0 del nostro prodotto e dei processi organizzativi e gestionali aziendali sono fattori strategici per il successo di ALPA.<\/span><\/span><\/p>\n<p class=\"western\" align=\"justify\">In tale prospettiva l\u2019impegno primario di ALPA \u00e8 la completa soddisfazione del Cliente e dei tutte le parti interessate.<\/p>\n<p class=\"western\" align=\"justify\">Essere scelti ma, soprattutto apprezzati dai nostri Clienti significa eccellere in efficienza, qualit\u00e0, prestazioni, immagine.<\/p>\n<p class=\"western\" align=\"justify\"><span style=\"color: #000000;\"><span style=\"font-size: medium;\">Per raggiungere gli obiettivi di qualit\u00e0 prefissati, ALPA si propone di:<\/span><\/span><\/p>\n<ul>\n<li>\n<p class=\"western\" align=\"justify\"><span style=\"color: #000000;\"><span style=\"font-size: medium;\">garantire la conformit\u00e0 del prodotto ai requisiti specificati<\/span><\/span><\/p>\n<\/li>\n<li>\n<p class=\"western\" align=\"justify\"><span style=\"color: #000000;\"><span style=\"font-size: medium;\">garantire prestazioni e prezzi competitivi, flessibilit\u00e0, tempestivit\u00e0 e puntualit\u00e0 nelle consegne<\/span><\/span><\/p>\n<\/li>\n<li>\n<p class=\"western\" align=\"justify\"><span style=\"color: #000000;\"><span style=\"font-size: medium;\">assicurare il rispetto dei requisiti legislativi nazionali e comunitari applicabili ai dispositivi medici commercializzati <\/span><\/span><\/p>\n<\/li>\n<li>\n<p class=\"western\" align=\"justify\"><span style=\"color: #000000;\"><span style=\"font-size: medium;\">adottare un approccio basato sul rischio nelle scelte strategiche aziendali e nella operativit\u00e0 quotidiana.<\/span><\/span><\/p>\n<\/li>\n<\/ul>\n<p class=\"western\" align=\"justify\"><span style=\"color: #000000;\"><span style=\"font-size: medium;\">All\u2019interno di questo quadro strutturale la Direzione definisce annualmente obiettivi di miglioramento attraverso l\u2019individuazione di target di riferimento per gli indicatori di processo, se del caso supportati da piani di miglioramento che individuano fasi, responsabilit\u00e0 e scadenze.<\/span><\/span><\/p>\n<p class=\"western\" align=\"justify\"><span style=\"color: #000000;\"><span style=\"font-size: medium;\">Lo scostamento rispetto agli obiettivi \u00e8 analizzato con periodicit\u00e0 almeno annuale, in modo da verificare il rispetto delle tempistiche e dei risultati attesi.<\/span><\/span><\/p>\n<p class=\"western\" align=\"justify\"><span style=\"color: #000000;\"><span style=\"font-size: medium;\">Nell\u2019ambito del programma qualit\u00e0, Paolo Dirienzo, in qualit\u00e0 di Direzione Generale, conferma Lorenzo Boldrini quale Responsabile Qualit\u00e0 attribuendogli piena responsabilit\u00e0 ed autorit\u00e0 di assicurare il rispetto di quanto previsto dal manuale della qualit\u00e0 e dalle relative procedure.<\/span><\/span><\/p>\n<h5 class=\"western\"><a name=\"_GoBack\"><\/a><span style=\"font-size: medium;\">Milano 29.06.2018 Direzione Generale <\/span><\/h5>\n","protected":false},"excerpt":{"rendered":"<p>&nbsp; &nbsp; Politica per la qualit\u00e0 La qualit\u00e0 del nostro prodotto e dei processi organizzativi e gestionali aziendali sono fattori strategici per il successo di ALPA. In tale prospettiva l\u2019impegno primario di ALPA \u00e8 la completa soddisfazione del Cliente e dei tutte le parti interessate. Essere scelti ma, soprattutto apprezzati dai nostri Clienti significa eccellere  [&#8230;]<\/p>\n","protected":false},"author":2,"featured_media":0,"parent":0,"menu_order":0,"comment_status":"closed","ping_status":"closed","template":"","meta":{"_bbp_topic_count":0,"_bbp_reply_count":0,"_bbp_total_topic_count":0,"_bbp_total_reply_count":0,"_bbp_voice_count":0,"_bbp_anonymous_reply_count":0,"_bbp_topic_count_hidden":0,"_bbp_reply_count_hidden":0,"_bbp_forum_subforum_count":0,"ngg_post_thumbnail":0,"footnotes":""},"class_list":["post-5404","page","type-page","status-publish","hentry"],"_links":{"self":[{"href":"https:\/\/www.alpa.it\/index.php\/wp-json\/wp\/v2\/pages\/5404","targetHints":{"allow":["GET"]}}],"collection":[{"href":"https:\/\/www.alpa.it\/index.php\/wp-json\/wp\/v2\/pages"}],"about":[{"href":"https:\/\/www.alpa.it\/index.php\/wp-json\/wp\/v2\/types\/page"}],"author":[{"embeddable":true,"href":"https:\/\/www.alpa.it\/index.php\/wp-json\/wp\/v2\/users\/2"}],"replies":[{"embeddable":true,"href":"https:\/\/www.alpa.it\/index.php\/wp-json\/wp\/v2\/comments?post=5404"}],"version-history":[{"count":1,"href":"https:\/\/www.alpa.it\/index.php\/wp-json\/wp\/v2\/pages\/5404\/revisions"}],"predecessor-version":[{"id":5406,"href":"https:\/\/www.alpa.it\/index.php\/wp-json\/wp\/v2\/pages\/5404\/revisions\/5406"}],"wp:attachment":[{"href":"https:\/\/www.alpa.it\/index.php\/wp-json\/wp\/v2\/media?parent=5404"}],"curies":[{"name":"wp","href":"https:\/\/api.w.org\/{rel}","templated":true}]}}