{"id":5396,"date":"2018-06-12T07:23:43","date_gmt":"2018-06-12T08:23:43","guid":{"rendered":"https:\/\/www.alpa.it\/?page_id=5396"},"modified":"2018-06-12T07:31:01","modified_gmt":"2018-06-12T08:31:01","slug":"gdpr-privacy-policy","status":"publish","type":"page","link":"https:\/\/www.alpa.it\/index.php\/gdpr-privacy-policy\/","title":{"rendered":"GDPR Privacy Policy"},"content":{"rendered":"<h2>Chi siamo<\/h2>\n<p>L&#8217;indirizzo del nostro sito web \u00e8: https:\/\/www.alpa.it.<\/p>\n<p>Alpa \u00e8 una societ\u00e0 che si occupa di accessori per la risonanza magnetica fin dal 1992.<\/p>\n<h2>Quali dati personali raccogliamo e perch\u00e9 li raccogliamo<\/h2>\n<h3>Modulo di contatto<\/h3>\n<p>unico fine del modulo di contatto \u00e8 quello di potere rispondere a quesiti.<\/p>\n<h3>Cookie<\/h3>\n<p>Se lasci un commento sul nostro sito, puoi scegliere di salvare il tuo nome, indirizzo email e sito web nei cookie. Sono usati per la tua comodit\u00e0 in modo che tu non debba inserire nuovamente i tuoi dati quando lasci un altro commento. Questi cookie dureranno per un anno.<\/p>\n<p>Se hai un account e accedi a questo sito, verr\u00e0 impostato un cookie temporaneo per determinare se il tuo browser accetta i cookie. Questo cookie non contiene dati personali e viene eliminato quando chiudi il browser.<\/p>\n<p>Quando effettui l&#8217;accesso, verranno impostati diversi cookie per salvare le tue informazioni di accesso e le tue opzioni di visualizzazione dello schermo. I cookie di accesso durano due giorni mentre i cookie per le opzioni dello schermo durano un anno. Se selezioni &#8220;Ricordami&#8221;, il tuo accesso persister\u00e0 per due settimane. Se esci dal tuo account, i cookie di accesso verranno rimossi.<\/p>\n<p>Se modifichi o pubblichi un articolo, un cookie aggiuntivo verr\u00e0 salvato nel tuo browser. Questo cookie non include dati personali, ma indica semplicemente l&#8217;ID dell&#8217;articolo appena modificato. Scade dopo 1 giorno.<\/p>\n<h3>Contenuto incorporato da altri siti web<\/h3>\n<p>Gli articoli su questo sito possono includere contenuti incorporati (ad esempio video, immagini, articoli, ecc.). I contenuti incorporati da altri siti web si comportano esattamente allo stesso modo come se il visitatore avesse visitato l&#8217;altro sito web.<\/p>\n<p>Questi siti web possono raccogliere dati su di te, usare cookie, integrare ulteriori tracciamenti di terze parti e monitorare l&#8217;interazione con quel contenuto incorporato, incluso il tracciamento della tua interazione con il contenuto incorporato se hai un account e hai effettuato l&#8217;accesso a quel sito web.<\/p>\n<h3>Analytics<\/h3>\n<h2>Con chi condividiamo i tuoi dati<\/h2>\n<h2>Per quanto tempo conserviamo i tuoi dati<\/h2>\n<p>Se lasci un commento, il commento e i relativi metadati vengono conservati a tempo indeterminato. \u00c8 cos\u00ec che possiamo riconoscere e approvare automaticamente eventuali commenti successivi invece di tenerli in una coda di moderazione.<\/p>\n<p>Per gli utenti che si registrano sul nostro sito web (se presenti), memorizziamo anche le informazioni personali che forniscono nel loro profilo utente. Tutti gli utenti possono vedere, modificare o cancellare le loro informazioni personali in qualsiasi momento (eccetto il loro nome utente che non possono cambiare). Gli amministratori del sito web possono anche vedere e modificare queste informazioni.<\/p>\n<h2>Quali diritti hai sui tuoi dati<\/h2>\n<p>Se hai un account su questo sito, o hai lasciato commenti, puoi richiedere di ricevere un file esportato dal sito con i dati personali che abbiamo su di te, compresi i dati che ci hai fornito. Puoi anche richiedere che cancelliamo tutti i dati personali che ti riguardano. Questo non include i dati che siamo obbligati a conservare per scopi amministrativi, legali o di sicurezza.<\/p>\n<h2>Dove spediamo i tuoi dati<\/h2>\n<p>I commenti dei visitatori possono essere controllati attraverso un servizio di rilevamento automatico dello spam.<\/p>\n<h2>Le tue informazioni di contatto<\/h2>\n<h2>Informazioni aggiuntive<\/h2>\n<h3>Come proteggiamo i tuoi dati<\/h3>\n<h3>Quali procedure abbiamo predisposto per prevenire la violazione dei dati<\/h3>\n<h3>Da quali terze parti riceviamo dati<\/h3>\n<h3>Quale processo decisionale automatizzato e\/o profilazione facciamo con i dati dell&#8217;utente<\/h3>\n<h3>Requisiti di informativa normativa del settore<\/h3>\n<h3><\/h3>\n","protected":false},"excerpt":{"rendered":"<p>Chi siamo L&#8217;indirizzo del nostro sito web \u00e8: https:\/\/www.alpa.it. Alpa \u00e8 una societ\u00e0 che si occupa di accessori per la risonanza magnetica fin dal 1992. Quali dati personali raccogliamo e perch\u00e9 li raccogliamo Modulo di contatto unico fine del modulo di contatto \u00e8 quello di potere rispondere a quesiti. Cookie Se lasci un commento sul  [&#8230;]<\/p>\n","protected":false},"author":2,"featured_media":0,"parent":0,"menu_order":0,"comment_status":"closed","ping_status":"closed","template":"","meta":{"_bbp_topic_count":0,"_bbp_reply_count":0,"_bbp_total_topic_count":0,"_bbp_total_reply_count":0,"_bbp_voice_count":0,"_bbp_anonymous_reply_count":0,"_bbp_topic_count_hidden":0,"_bbp_reply_count_hidden":0,"_bbp_forum_subforum_count":0,"ngg_post_thumbnail":0,"footnotes":""},"class_list":["post-5396","page","type-page","status-publish","hentry"],"_links":{"self":[{"href":"https:\/\/www.alpa.it\/index.php\/wp-json\/wp\/v2\/pages\/5396","targetHints":{"allow":["GET"]}}],"collection":[{"href":"https:\/\/www.alpa.it\/index.php\/wp-json\/wp\/v2\/pages"}],"about":[{"href":"https:\/\/www.alpa.it\/index.php\/wp-json\/wp\/v2\/types\/page"}],"author":[{"embeddable":true,"href":"https:\/\/www.alpa.it\/index.php\/wp-json\/wp\/v2\/users\/2"}],"replies":[{"embeddable":true,"href":"https:\/\/www.alpa.it\/index.php\/wp-json\/wp\/v2\/comments?post=5396"}],"version-history":[{"count":3,"href":"https:\/\/www.alpa.it\/index.php\/wp-json\/wp\/v2\/pages\/5396\/revisions"}],"predecessor-version":[{"id":5402,"href":"https:\/\/www.alpa.it\/index.php\/wp-json\/wp\/v2\/pages\/5396\/revisions\/5402"}],"wp:attachment":[{"href":"https:\/\/www.alpa.it\/index.php\/wp-json\/wp\/v2\/media?parent=5396"}],"curies":[{"name":"wp","href":"https:\/\/api.w.org\/{rel}","templated":true}]}}