{"id":5210,"date":"2017-02-01T15:15:09","date_gmt":"2017-02-01T16:15:09","guid":{"rendered":"https:\/\/www.alpa.it\/?page_id=5210"},"modified":"2020-08-07T19:06:48","modified_gmt":"2020-08-07T20:06:48","slug":"sistema-di-biopsia-prostatica-uni-lift","status":"publish","type":"page","link":"https:\/\/www.alpa.it\/index.php\/sistema-di-biopsia-prostatica-uni-lift\/","title":{"rendered":"Sistema di biopsia dell prostata per risonanza magnetica Uni-Lift"},"content":{"rendered":"<p>&nbsp;<\/p>\n<h2><strong>Uni-Lift dispositivo per la biopsia prostatica in ambito RM<\/strong><\/h2>\n<h2><strong>Semplicit\u00e0 ed efficacia&nbsp;<\/strong><\/h2>\n<div id=\"attachment_5149\" style=\"width: 310px\" class=\"wp-caption alignleft\"><img decoding=\"async\" aria-describedby=\"caption-attachment-5149\" class=\"wp-image-5149 size-medium\" title=\"sistema biopsia prostatica per risonanza magnetica UNI-LIFT\" src=\"https:\/\/www.alpa.it\/wp-content\/uploads\/2017\/01\/noras-unilift-001crop--300x260.png\" alt=\"sistema biopsia prostatica per risonanza magnetica UNI-LIFT\" width=\"300\" height=\"260\" data-wp-pid=\"5149\" srcset=\"https:\/\/www.alpa.it\/wp-content\/uploads\/2017\/01\/noras-unilift-001crop--200x173.png 200w, https:\/\/www.alpa.it\/wp-content\/uploads\/2017\/01\/noras-unilift-001crop--300x260.jpg 300w, https:\/\/www.alpa.it\/wp-content\/uploads\/2017\/01\/noras-unilift-001crop--400x347.png 400w, https:\/\/www.alpa.it\/wp-content\/uploads\/2017\/01\/noras-unilift-001crop--600x520.png 600w, https:\/\/www.alpa.it\/wp-content\/uploads\/2017\/01\/noras-unilift-001crop--768x666.png 768w, https:\/\/www.alpa.it\/wp-content\/uploads\/2017\/01\/noras-unilift-001crop--800x694.png 800w, https:\/\/www.alpa.it\/wp-content\/uploads\/2017\/01\/noras-unilift-001crop--1024x888.png 1024w, https:\/\/www.alpa.it\/wp-content\/uploads\/2017\/01\/noras-unilift-001crop-.jpg 1064w\" sizes=\"(max-width: 300px) 100vw, 300px\" \/><p id=\"caption-attachment-5149\" class=\"wp-caption-text\">sistema biopsia prostatica per risonanza magnetica UNI-LIFT<\/p><\/div>\n<pre>&nbsp;<\/pre>\n<p>L\u2019Uni-Lift permette comodo posizionamento del paziente per interventi MR-guidate della prostata. Il dispositivo Uni-Lift utilizza la stessa tecnologia di rete ormai consolidata, che abbiamo inventato 20 anni fa e ora \u00e8 una norma adottata in tutto il mondo per biopsia mammaria. Cos\u00ec il Uni-Lift permette di eseguire biopsie e terapie focali in collaborazione con i pi\u00f9 moderni sistemi di imaging a risonanza magnetica diagnostici.<\/p>\n<p>L\u2019intervento MR-guida permette una migliore risoluzione spaziale, mai raggiunta, sulla anatomia delle prostate. La Lesione pu\u00f2 essere mirata proprio in maniera perfetta sia per la biopsia che per la terapia. L\u2019accesso transperineale alla prostata \u00e8 un metodo consolidato in urologia e ha il vantaggio di minore rischio di infezioni secondarie rispetto all&#8217;approccio trans rettale.<\/p>\n<p>Il dispositivo Uni-Lift pu\u00f2 essere utilizzato anche per la terapia della prostata: per esempio usare cryoablation. L\u2019elevata risoluzione spaziale del sistema MRI permette il controllo ben definita dell\u2019area terapeutica.<\/p>\n<p>L\u2019esame \u00e8 fatto solitamente in leggera sedazione. La posizione supina del paziente consente un facile accesso per il medico che esegue verso la prostata nel sistema MRI.<\/p>\n<p>la realizzazione della biopsia sotto guida risonanza magnetica rappresenta in questo momento un nuovo approccio, attualmente le biopsie vengono effettuate con il sistema fusione ecografico&nbsp; &#8211; risonanza magnetica che oltre ad essere molto meno preciso \u00e8 anche assolutamente legato alla capacit\u00e0 dell&#8217;operatore.&nbsp;<\/p>\n<p>con la guida in risonanza magnetica si ha la certezza di avere effettuato la biopsia della lesione. diversi pazienti che avevano effettuato biopsie eco guidate (20 \/ 25 prelievi ) con esito negativo, sono poi risultati avere un esito positivo dopo avere fatto l&#8217;esame sotto guida Risonanza Magnetica.<\/p>\n<p><span style=\"color: #747474;\">&nbsp;<\/span><\/p>\n<h3 class=\"western\"><span style=\"color: #333333;\"><span style=\"font-family: Antic Slab,Arial,Helvetica,sans-serif;\"><span style=\"font-size: medium;\">Le aree di applicazione del dispositivo Uni-Lift prostata intervento sono:<\/span><\/span><\/span><\/h3>\n<div id=\"attachment_5158\" style=\"width: 310px\" class=\"wp-caption alignright\"><a href=\"https:\/\/www.alpa.it\/wp-content\/uploads\/2017\/01\/uni-lift-noras-002.jpg\"><img decoding=\"async\" aria-describedby=\"caption-attachment-5158\" class=\"wp-image-5158 size-medium\" title=\"posizionamento paziente sistema biopsia prostatica per risonanza magnetica UNI-LIFT\" src=\"https:\/\/www.alpa.it\/wp-content\/uploads\/2017\/01\/uni-lift-noras-002-300x225.png\" alt=\"posizionamento paziente sistema biopsia prostatica per risonanza magnetica UNI-LIFT\" width=\"300\" height=\"225\" data-wp-pid=\"5158\" srcset=\"https:\/\/www.alpa.it\/wp-content\/uploads\/2017\/01\/uni-lift-noras-002-200x150.png 200w, https:\/\/www.alpa.it\/wp-content\/uploads\/2017\/01\/uni-lift-noras-002-300x225.png 300w, https:\/\/www.alpa.it\/wp-content\/uploads\/2017\/01\/uni-lift-noras-002-400x300.png 400w, https:\/\/www.alpa.it\/wp-content\/uploads\/2017\/01\/uni-lift-noras-002-600x450.png 600w, https:\/\/www.alpa.it\/wp-content\/uploads\/2017\/01\/uni-lift-noras-002-768x576.png 768w, https:\/\/www.alpa.it\/wp-content\/uploads\/2017\/01\/uni-lift-noras-002-800x600.png 800w, https:\/\/www.alpa.it\/wp-content\/uploads\/2017\/01\/uni-lift-noras-002-1024x768.png 1024w, https:\/\/www.alpa.it\/wp-content\/uploads\/2017\/01\/uni-lift-noras-002-1200x900.png 1200w, https:\/\/www.alpa.it\/wp-content\/uploads\/2017\/01\/uni-lift-noras-002.jpg 1478w\" sizes=\"(max-width: 300px) 100vw, 300px\" \/><\/a><p id=\"caption-attachment-5158\" class=\"wp-caption-text\">posizionamento paziente sistema biopsia prostatica per risonanza magnetica UNI-LIFT<\/p><\/div>\n<p><span style=\"color: #747474;\"><span style=\"font-family: PT Sans,Arial,Helvetica,sans-serif;\"><span style=\"font-size: small;\">Diagnostica per immagini della prostata in combinazione con una bobina flex (ad esempio Noras Uni-Belt Diagnostica 16 canali e di intervento Coil)<br \/>\nTransperineale Biopsia della prostata<br \/>\nTerapia focale della prostata<\/span><\/span><\/span><\/p>\n<p><span style=\"color: #747474;\">&nbsp;<\/span><\/p>\n<h3 class=\"western\"><span style=\"color: #333333;\"><span style=\"font-family: Antic Slab,Arial,Helvetica,sans-serif;\"><span style=\"font-size: medium;\">I Vantaggi del dispositivo Uni-Lift prostata sono:<\/span><\/span><\/span><\/h3>\n<p><span style=\"color: #747474;\"><span style=\"font-family: PT Sans,Arial,Helvetica,sans-serif;\"><span style=\"font-size: small;\">posizionamento confortevole paziente in posizione supina<\/span><\/span><\/span><\/p>\n<p><span style=\"color: #747474;\"><span style=\"font-family: PT Sans,Arial,Helvetica,sans-serif;\"><span style=\"font-size: small;\">Utilizzo ottimale in magneti con Bore da 70 cm.<\/span><\/span><\/span><\/p>\n<p><span style=\"color: #747474;\"><span style=\"font-family: PT Sans,Arial,Helvetica,sans-serif;\"><span style=\"font-size: small;\">accesso transperineale alla prostata<\/span><\/span><\/span><\/p>\n<p><span style=\"color: #747474;\"><span style=\"font-family: PT Sans,Arial,Helvetica,sans-serif;\"><span style=\"font-size: small;\">biopsia MR-guidata e la terapia<\/span><\/span><\/span><\/p>\n<pre><span style=\"color: #747474;\"><span style=\"font-family: PT Sans,Arial,Helvetica,sans-serif;\"><span style=\"font-size: small;\">non necessita di un software dedicato e di particolari guide ago.<\/span><\/span><\/span><\/pre>\n<p><span style=\"color: #747474;\"><span style=\"font-family: PT Sans,Arial,Helvetica,sans-serif;\"><span style=\"font-size: small;\">biopsia focale e la terapia, invece di biopsia \u201calla cieca\u201d<\/span><\/span><\/span><\/p>\n<p><span style=\"color: #747474;\"><span style=\"font-family: PT Sans,Arial,Helvetica,sans-serif;\"><span style=\"font-size: small;\">il sistema transperineale riduce il rischi delle infezioni legale alla via rettale.<\/span><br \/>\n<\/span><\/span><\/p>\n<p><a href=\"https:\/\/www.alpa.it\/wp-content\/uploads\/2017\/02\/NORAS_FLYER_UNI-LIFT_2017-01_EN.pdf\">Scarica la brochure in inglese del prodotto.<\/a><\/p>\n<p>&nbsp;<\/p>\nngg_shortcode_0_placeholder\n","protected":false},"excerpt":{"rendered":"<p>&nbsp; Uni-Lift dispositivo per la biopsia prostatica in ambito RM Semplicit\u00e0 ed efficacia&nbsp; &nbsp; L\u2019Uni-Lift permette comodo posizionamento del paziente per interventi MR-guidate della prostata. Il dispositivo Uni-Lift utilizza la stessa tecnologia di rete ormai consolidata, che abbiamo inventato 20 anni fa e ora \u00e8 una norma adottata in tutto il mondo per biopsia mammaria.  [&#8230;]<\/p>\n","protected":false},"author":2,"featured_media":5579,"parent":0,"menu_order":0,"comment_status":"closed","ping_status":"closed","template":"","meta":{"_bbp_topic_count":0,"_bbp_reply_count":0,"_bbp_total_topic_count":0,"_bbp_total_reply_count":0,"_bbp_voice_count":0,"_bbp_anonymous_reply_count":0,"_bbp_topic_count_hidden":0,"_bbp_reply_count_hidden":0,"_bbp_forum_subforum_count":0,"ngg_post_thumbnail":0,"footnotes":""},"class_list":["post-5210","page","type-page","status-publish","has-post-thumbnail","hentry"],"_links":{"self":[{"href":"https:\/\/www.alpa.it\/index.php\/wp-json\/wp\/v2\/pages\/5210","targetHints":{"allow":["GET"]}}],"collection":[{"href":"https:\/\/www.alpa.it\/index.php\/wp-json\/wp\/v2\/pages"}],"about":[{"href":"https:\/\/www.alpa.it\/index.php\/wp-json\/wp\/v2\/types\/page"}],"author":[{"embeddable":true,"href":"https:\/\/www.alpa.it\/index.php\/wp-json\/wp\/v2\/users\/2"}],"replies":[{"embeddable":true,"href":"https:\/\/www.alpa.it\/index.php\/wp-json\/wp\/v2\/comments?post=5210"}],"version-history":[{"count":7,"href":"https:\/\/www.alpa.it\/index.php\/wp-json\/wp\/v2\/pages\/5210\/revisions"}],"predecessor-version":[{"id":5572,"href":"https:\/\/www.alpa.it\/index.php\/wp-json\/wp\/v2\/pages\/5210\/revisions\/5572"}],"wp:featuredmedia":[{"embeddable":true,"href":"https:\/\/www.alpa.it\/index.php\/wp-json\/wp\/v2\/media\/5579"}],"wp:attachment":[{"href":"https:\/\/www.alpa.it\/index.php\/wp-json\/wp\/v2\/media?parent=5210"}],"curies":[{"name":"wp","href":"https:\/\/api.w.org\/{rel}","templated":true}]}}