{"id":2402,"date":"2015-06-05T08:29:43","date_gmt":"2015-06-05T09:29:43","guid":{"rendered":"http:\/\/www.alpa.it\/?page_id=2402"},"modified":"2020-01-07T08:51:19","modified_gmt":"2020-01-07T09:51:19","slug":"alpa-s-r-l-informatica-sui-cookies","status":"publish","type":"page","link":"https:\/\/www.alpa.it\/index.php\/corporate\/alpa-s-r-l-informatica-sui-cookies\/","title":{"rendered":"Alpa S.r.l., informativa sui COOKIES"},"content":{"rendered":"<div class=\"region-inner main-inner\">\n<div class=\"columns fauxcolumns\">\n<div class=\"fauxcolumn-outer fauxcolumn-center-outer\">&nbsp;<\/div>\n<div class=\"fauxcolumn-outer fauxcolumn-left-outer\">&nbsp;<\/div>\n<div class=\"fauxcolumn-outer fauxcolumn-right-outer\">&nbsp;<\/div>\n<div class=\"columns-inner\">\n<div class=\"column-center-outer\">\n<div class=\"column-center-inner\">\n<div id=\"main\" class=\"main section\">\n<div id=\"Blog1\" class=\"widget Blog\">\n<div class=\"blog-posts hfeed\">\n<div class=\"date-outer\">\n<div class=\"date-posts\">\n<div class=\"post-outer\">\n<div class=\"post hentry uncustomized-post-template\">\n<h3 class=\"post-title entry-title\">Politica dei cookie di questo sito in ottemperanza alla direttiva del Garante della Privacy.<\/h3>\n<div class=\"post-header\">&nbsp;<\/div>\n<div id=\"post-body-1646042865668124794\" class=\"post-body entry-content\">\n<div>Il <b>Garante della Privacy<\/b> ha recepito una <a href=\"http:\/\/www.ideepercomputeredinternet.com\/2014\/06\/cookie-banner-garante-privacy.html\" target=\"_blank\" rel=\"noopener noreferrer\"><b>direttiva europea<\/b><\/a> che impone agli amministratori delle pagine web di mostrare ai visitatori un banner che li informa di quale sia lo <b>politica dei cookie<\/b> del sito che stanno consultando e di subordinare la sua accettazione al proseguimento della navigazione.<\/div>\n<div>&nbsp;<\/div>\n<div>A tale proposito se &nbsp;hai bisogno di ulteriori informazioni o se hai domande sulla<b> politica della privacy di questo sito ti preghiamo di contattarci via email attraverso la pagina dei <a href=\"http:\/\/www.alpa.it\/index.php\/contatti\/\">contatti <\/a><br \/>\n<\/b><\/div>\n<div><b>&nbsp;<\/b><\/div>\n<div class=\"separator\">&nbsp;<\/div>\n<div>&nbsp;<\/div>\n<div>&nbsp;<\/div>\n<div>\n<p>In questa pagina sono descritte le modalit\u00e0 con cui le<b> informazioni personal<\/b>i vengono r<b>icevute e raccolte<\/b> e come sono<b> utilizzate<\/b> da<b> www.alpa.it<\/b>. A questo scopo si usano i cookie vale a dire dei<b> file testuali<\/b> per agevolare la navigazione dell&#8217;utente.<\/p>\n<h3>COOKIE LAW<\/h3>\n<h4>&nbsp;&nbsp; 1) Che cosa sono i cookie?<\/h4>\n<p>I cookie sono dei file di testo che i siti visitati inviano al browser dell&#8217;utente e che vengono memorizzati per poi essere ritrasmessi al sito alla visita successiva.<\/p>\n<h4>&nbsp;&nbsp; 2) A cosa servono i cookie?<\/h4>\n<p>I cookie possono essere usati per monitorare le sessioni, per autenticare un utente in modo che possa accedere a un sito senza digitare ogni volta nome e password e per memorizzare le sue preferenze.<\/p>\n<h4>&nbsp;&nbsp;&nbsp; 3) Cosa sono i cookie tecnici?<\/h4>\n<p>I cookie cosiddetti tecnici servono per la navigazione e per facilitare l&#8217;accesso e la fruizione del sito da parte dell&#8217;utente. I cookie tecnici sono essenziali per esempio per accedere a Google o a Facebook senza doversi loggare a tutte le sessioni. Lo sono anche in operazioni molto delicate quali quelle della home banking o del pagamento tramite carta di credito o per mezzo di altri sistemi.<\/p>\n<h4>&nbsp;&nbsp; 4) I cookie Analytics sono cookie tecnici?<\/h4>\n<p>In altri termini i cookie che vengono inseriti nel browser e ritrasmessi mediante Google Analytics o tramite il servizio Statistiche di Blogger o similari sono cookie tecnici?. Il Garante ha affermato che questi cookie possono essere ritenuti tecnici solo se <i>&#8220;utilizzati a fini di ottimizzazione del sito direttamente dal titolare del sito stesso, che potr\u00e0 raccogliere informazioni in forma aggregata sul numero degli utenti e su come questi visitano il sito. A queste condizioni, per i cookie analytics valgono le stesse regole, in tema di informativa e consenso, previste per i cookie tecnici.&#8221; <\/i><\/p>\n<h4>&nbsp;&nbsp; 5) Che cosa sono i cookie di profilazione?<\/h4>\n<p>Sono cookie utilizzati per tracciare la navigazione dell&#8217;utente per creare profili sui suoi gusti, sulle sue preferenze, sui suoi interessi e anche sulle sue ricerche. Vi sar\u00e0 certamente capitato di vedere dei banner pubblicitari relativi a un prodotto che poco prima avete cercato su internet. La ragione sta proprio nella profilazione dei vostri interessi e i server indirizzati opportunamente dai cookie vi hanno mostrato gli annunci ritenuti pi\u00f9 pertinenti.<\/p>\n<h4>&nbsp;&nbsp; 6) \u00c8 necessario il consenso dell&#8217;utente per l&#8217;installazione dei cookie sul suo terminale?<\/h4>\n<p>Per l&#8217;installazione dei cookie tecnici non \u00e8 richiesto alcun consenso mentre i <b>cookie di profilazione possono essere installati nel terminale dell&#8217;utente solo dopo che quest&#8217;ultimo abbia dato il consenso<\/b> e dopo essere stato informato in modo semplificato.<\/p>\n<h4>&nbsp;&nbsp; 7) In che modo gli webmaster possono richiedere il consenso?<\/h4>\n<p>Il Garante per la Privacy ha stabilito che&nbsp; nel momento in cui l&#8217;utente accede a un sito web deve comparire un banner contenente una informativa breve, la richiesta del consenso e un link per l&#8217;informativa pi\u00f9 estesa come quella visibile in questa pagina su che cosa siano i cookie di profilazione e sull&#8217;uso che ne viene fatto nel sito in oggetto.<\/p>\n<h4>&nbsp;&nbsp; 8) In che modo deve essere realizzato il banner?<\/h4>\n<p>Il banner deve essere concepito da nascondere una parte del contenuto della pagina e specificare che il sito utilizza cookie di profilazione anche di terze parti. Il banner deve poter essere <b>eliminato solo con una azione attiva da parte dell&#8217;utente<\/b> come potrebbe essere un click.<\/p>\n<h4>&nbsp;&nbsp; 9) Che indicazioni deve contenere il banner?<\/h4>\n<p>Il banner deve contenere <b>l&#8217;informativa breve, il link alla informativa estesa e il bottone per dare il consenso all&#8217;utilizzo dei cookie di profilazione<\/b>.<\/p>\n<h4>&nbsp;&nbsp; 10) Come tenere documentazione del consenso all&#8217;uso dei cookie?<\/h4>\n<p>\u00c8 consentito che venga usato un cookie tecnico che <b>tenga conto del consenso dell&#8217;utente<\/b> in modo che questi non abbia a dover nuovamente esprimere il consenso in una visita successiva al sito.<\/p>\n<h4>&nbsp;&nbsp; 11) Il consenso all&#8217;uso dei cookie si pu\u00f2 avere solo con il banner?<\/h4>\n<p>No. Si possono usare altri sistemi purch\u00e9 il sistema individuato abbia gli stessi requisiti. L&#8217;uso del banner non \u00e8 necessario per i siti che utilizzano solo cookie tecnici.<\/p>\n<h4>&nbsp;&nbsp;&nbsp; 12) Che cosa si deve inserire nella pagina informativa pi\u00f9 estesa?<\/h4>\n<p>Si devono illustrare le c<b>aratteristiche dei cookie installati anche da terze parti.<\/b> Si devono altres\u00ec indicare all&#8217;utente le modalit\u00e0 con cui navigare nel sito senza che vengano tracciate le sue preferenze con la possibilit\u00e0 di navigazione in incognito e con la cancellazione di singoli cookie.<\/p>\n<h4>&nbsp;&nbsp; 13) Chi \u00e8 tenuto a informare il Garante che usa cookie di profilazione?<\/h4>\n<p>Il titolare del sito ha tale onere. Se nel suo sito utilizza solo cokie di profilazione di terze parti non occorre che informi il Garante ma \u00e8 tenuto a indicare quali siano questi <b>cookie di terze parti<\/b> e a indicare i l<b>ink alle informative in merito<\/b>.<\/p>\n<h4>&nbsp;&nbsp; 14) Quando entrer\u00e0 in vigore questa normativa?<\/h4>\n<p>Il Garante ha dato un anno di tempo per mettersi in regola e la scadenza \u00e8 il <b>2 Giugno 2015.<\/b><\/p>\n<h3>COOKIE UTILIZZATI IN QUESTO SITO<\/h3>\n<\/div>\n<div><b>File di log:<\/b> Come molti altri siti web anche questo fa uso di<b> file di log <\/b>registra cio\u00e8 la <b>cronologia delle operazioni<\/b> man mano che vengono eseguite. Le informazioni contenute all&#8217;interno dei <b>file di registro<\/b> includono indirizzi <b>IP<\/b>, tipo di<b> browser<\/b>, <b>Internet Service Provider (<a href=\"http:\/\/it.wikipedia.org\/wiki\/Internet_Service_Provider\" target=\"_blank\" rel=\"noopener noreferrer\">ISP<\/a>)<\/b>, <b>data, ora, pagina di ingresso e uscita<\/b> e il <b>numero di clic. <\/b>Tutto questo per <b>analizzare le tendenze, amministrare il sito, monitorare il movimento dell&#8217;utente dentro il sito e raccogliere dati demografici, indirizzi IP e altre informazioni<\/b>. Tale dati <b>non sono riconducibili in alcun modo all&#8217;identit\u00e0 dell&#8217;utente e sono cookie tecnici<\/b>.<\/div>\n<div>\n<h3>COOKIE DI TERZE PARTI PRESENTI NEL SITO<\/h3>\n<div>&nbsp;<\/div>\n<\/div>\n<div><b>Cookie<\/b>: <b>www.alpa.it<\/b> usa i<b> cookie per memorizzare le informazioni <\/b>sulle <b>preferenze dei visitatori e sulle pagine visitate dall&#8217;utente e&nbsp;<\/b>per <b>personalizzare il contenuto della pagina web in basa al tipo di browser utilizzato e in funzione delle altre informazioni che appunto tale browser invia<\/b>.<\/div>\n<div>&nbsp;<\/div>\n<div><b>1)&nbsp;<a href=\"http:\/\/www.google.com\/doubleclick\/\" target=\"_blank\" rel=\"noopener noreferrer\">Cookie DoubleClick DART<\/a><\/b>: tale cookie \u00e8 stato introdotto da <a href=\"http:\/\/doubleclick%20dart\/\" target=\"_blank\" rel=\"noopener noreferrer\"><b>Google cinque anni fa <\/b><\/a>e serve per pubblicare<b> annunci<\/b>&nbsp;<b>Adsense<\/b> su <b>www.alpa.it<\/b> in modo da mostrare all&#8217;utente della <b>pubblicit\u00e0 pi\u00f9 mirata in base alla loro cronologia<\/b>. Gli utenti possono <b>accettare tale cookie <\/b>oppure <b>disattivarlo<\/b> nel loro browser visitando la pagina <a href=\"http:\/\/www.google.com\/policies\/technologies\/ads\/\" target=\"_blank\" rel=\"noopener noreferrer\"><b>Privacy e Termini<\/b><\/a>. Ulteriori informazioni sulle tipologie e sull&#8217;uso che fa <b>Google<\/b> dei cookie con finalit\u00e0 pubblicitarie possono essere trovate nella pagina web dei <a href=\"http:\/\/www.google.com\/policies\/technologies\/types\/\" target=\"_blank\" rel=\"noopener noreferrer\"><b>Tipi di cookie utilizzati<\/b><\/a>. Anche alcuni <b>partner pubblicitari di Google Adsense<\/b> possono usare <b>cookie <\/b>e<b> <a href=\"http:\/\/en.wikipedia.org\/wiki\/Web_bug\" target=\"_blank\" rel=\"noopener noreferrer\">Web Beacons<\/a><\/b> per tracciare gli utenti.<\/div>\n<div>&nbsp;<\/div>\n<div><u><b>2) Cookie di Facebook:<\/b><\/u> Questo sito ha alcuni <b>plugin di Facebook<\/b> che possono tracciare il comportamento dei lettori. Per avere maggiori informazioni si pu\u00f2 consultare la pagina per la<br \/>\n<b><a href=\"https:\/\/www.facebook.com\/help\/cookies\/\" target=\"_blank\" rel=\"noopener noreferrer\">Politica della Privacy di Facebook<\/a><\/b>.<\/div>\n<div>&nbsp;<\/div>\n<div>\n<ul>\n<li><a href=\"http:\/\/www.alpa.it\/wp-admin\/edit-tags.php?taxonomy=slide-page&amp;post_type=slide\">Add or Edit Sliders<\/a><\/li>\n<\/ul>\n<p><b>3) Twitter<\/b>:&nbsp;Questo social network potr\u00e0 trattare i tuoi dati personali per consentirle un\u2019esperienza di navigazione arricchita da funzionalit\u00e0 e servizi<br \/>\n<b><a href=\"https:\/\/support.twitter.com\/articles\/20170519-uso-dei-cookie-e-di-altre-tecnologie-simili-da-parte-di-twitter\" target=\"_blank\" rel=\"noopener noreferrer\">Twitter Cookie Policy Privacy&nbsp;<\/a><\/b><b>4) Google+<\/b> attraverso lo script <b>plusone.js<\/b> potr\u00e0 trattare i dati personali secondo queste line guida<br \/>\n<b><a href=\"https:\/\/www.google.com\/intl\/it_ALL\/policies\/privacy\/\" target=\"_blank\" rel=\"noopener noreferrer\">Google Cookie Policy Privacy&nbsp;<\/a><\/b><b>5) Pinterest<\/b> tratta i dati personali secondo queste linee guida per il momento solo in inglese<br \/>\n<b><a href=\"https:\/\/help.pinterest.com\/en\/articles\/personalization-and-data-other-websites\" target=\"_blank\" rel=\"noopener noreferrer\">Pinterest Cookie Policy Privacy&nbsp;<\/a><\/b><b>&nbsp;6) Linkedin <\/b>\u00e8 un altro social network che tratta i dati personali secondo queste linee guida<br \/>\n<b><a href=\"https:\/\/www.linkedin.com\/legal\/cookie-policy\" target=\"_blank\" rel=\"noopener noreferrer\">Linkedin Cookie Policy<\/a><\/b><\/p>\n<p><b>7) Blogger e Google Friend Connect <\/b>utilizzano cookie per le statistiche secondo queste linee guida<br \/>\n<a href=\"https:\/\/support.google.com\/blogger\/answer\/141159?hl=it\" target=\"_blank\" rel=\"noopener noreferrer\"><b>Blogger e Friend Connect Cookie Policy<\/b><\/a><\/p>\n<\/div>\n<div>&nbsp;<\/div>\n<div>\n<p>Il sito <b>www.alpa.it<\/b> e il suo amministratore <b>non hanno alcun controllo sui cookie che vengono utilizzati da terze parti<\/b> quindi per approfondire il tema si consiglia di consultare le<b> politiche della privacy di queste terze parti<\/b>&nbsp;cos\u00ec come <b>le opzioni per disattivare la raccolta di queste informazioni.<\/b> L&#8217;amministratore di questo sito non pu\u00f2 quindi controllare le attivit\u00e0 degli inserzionisti di questo blog. \u00c8 comunque possibile <b>disabilitare i cookie direttamente dal proprio browser<\/b>. Il sito <b>www.alpa.it<\/b> <b>non utilizza cookie di profilazione propri ma queli presenti sono esclusivamente controllati da terze parti quali Google, Facebook o Twitter. <\/b><\/p>\n<h4>UTILIZZO DI GOOGLE ANALYTICS IN QUESTO SITO<\/h4>\n<p>Come detto i <b>cookie analytics<\/b> sono considerati <b>tecnici se utilizzati solo a fini di ottimizzazione<\/b> e se gli<b> IP degli utenti sono mantenuti anonimi<\/b>.&nbsp; Informiamo l&#8217;utente che questo sito utilizza il servizio gratuito di<b> Google Analytics.&nbsp; <\/b>Ricordiamo che i dati vengono usati solo per avere i <b>dati delle pagine pi\u00f9 visitate, del numero di visitatori, i dati aggregati delle visite per sistema operativo, per browser, <\/b>ecc. Gli <b><a href=\"http:\/\/www.ideepercomputeredinternet.com\/2015\/05\/google-analytics-cookie-analitici-tecnici-anonimi-id.html\" target=\"_blank\" rel=\"noopener noreferrer\">IP di Google Analytics sono stati anonimizzati<\/a>.<\/b> &nbsp;Questi parametri vengono archiviati nei<b> <\/b><a href=\"https:\/\/www.google.com\/analytics\/learn\/privacy.html?hl=it\" target=\"_blank\" rel=\"noopener noreferrer\"><b>server di Google<\/b> <\/a>che ne disciplina la Privacy secondo queste <b><a href=\"http:\/\/www.google.com\/intl\/it\/policies\/privacy\/\" target=\"_blank\" rel=\"noopener noreferrer\">linee guida<\/a>.<\/b><\/p>\n<p><b>Un utente pu\u00f2 disattivare Google Analytics durante la navigazione utilizzando il <a href=\"https:\/\/tools.google.com\/dlpage\/gaoptout?hl=it\" target=\"_blank\" rel=\"noopener noreferrer\">componenete aggiuntivo disponibile per Chrome, Firefox, Internet Explorer, Opera e Safari<\/a>.<\/b><\/p>\n<p>Si possono inoltre<\/p>\n<ul>\n<li style=\"list-style-type: none;\">\n<ul>\n<li><b><a href=\"http:\/\/www.ideepercomputeredinternet.com\/2012\/10\/cookie-browser-chrome-firefox-ie-eliminare.html\" target=\"_blank\" rel=\"noopener noreferrer\">cancellare i cookie singolarmente per ciascun dominio<\/a>,&nbsp;<\/b><\/li>\n<\/ul>\n<\/li>\n<\/ul>\n<ul>\n<li style=\"list-style-type: none;\">\n<ul>\n<li><b><a href=\"http:\/\/www.ideepercomputeredinternet.com\/2014\/06\/cancellare-ricerche-google-yahoo-bing-twitter-facebook-youtube.html\" target=\"_blank\" rel=\"noopener noreferrer\">nascondere le ricerche.<\/a><\/b><\/li>\n<\/ul>\n<\/li>\n<\/ul>\n<p>&nbsp;<\/p>\n<ul>\n<li><b><a href=\"https:\/\/www.google.com\/settings\/u\/0\/ads?hl=it\" target=\"_blank\" rel=\"noopener noreferrer\">settare le impostazioni degli annunci di Google<\/a>.<\/b><\/li>\n<\/ul>\n<\/div>\n<h3>NAVIGAZIONE ANONIMA<\/h3>\n<p>Una navigazione <b>senza l&#8217;utilizzo di cookie tecnici e di profilazione<\/b> \u00e8 possibile mediante quella che viene definita <b>navigazione in incognito <\/b>e che \u00e8 fattibile con tutti i principali browser.<\/p>\n<ol>\n<li>Ulteriori informazioni sulla disabilitazione dei cookie su <a href=\"https:\/\/support.mozilla.org\/it\/kb\/Attivare%20e%20disattivare%20i%20cookie\" target=\"_blank\" rel=\"noopener noreferrer\"><b>Firefox<\/b><\/a>, <b><a href=\"https:\/\/support.mozilla.org\/en-US\/kb\/enable-and-disable-cookies-website-preferences\" target=\"_blank\" rel=\"noopener noreferrer\">in inglese.<\/a><\/b><\/li>\n<li>Ulteriori informazioni sulla disabilitazione dei cookie su <a href=\"http:\/\/www.google.com\/policies\/technologies\/managing\/\" target=\"_blank\" rel=\"noopener noreferrer\"><b>Chrome<\/b><\/a>,<b><a href=\"https:\/\/support.google.com\/chrome\/answer\/95647?hl=en\" target=\"_blank\" rel=\"noopener noreferrer\"> in inglese<\/a><\/b><\/li>\n<li>Ulteriori informazioni sulla disabilitazione dei cookie su <a href=\"http:\/\/windows.microsoft.com\/it-it\/internet-explorer\/delete-manage-cookies#ie=ie-11\" target=\"_blank\" rel=\"noopener noreferrer\"><b>Internet Explorer<\/b><\/a>,<a href=\"http:\/\/windows.microsoft.com\/en-us\/windows-vista\/block-or-allow-cookies\" target=\"_blank\" rel=\"noopener noreferrer\"> <b>in inglese<\/b><\/a><\/li>\n<li>Ulteriori informazioni sulla disabilitazione dei cookie su <a href=\"http:\/\/support.apple.com\/kb\/HT1677?viewlocale=it_IT&amp;locale=it_IT\" target=\"_blank\" rel=\"noopener noreferrer\"><b>Safari&nbsp;<\/b><\/a>,<b> <a href=\"https:\/\/support.apple.com\/kb\/PH17191?&amp;locale=en_US\" target=\"_blank\" rel=\"noopener noreferrer\">in inglese<\/a><\/b><\/li>\n<li>Ulteriori informazioni sulla disabilitazione dei cookie su<b> <a href=\"http:\/\/help.opera.com\/Mac\/12.10\/it\/cookies.html\" target=\"_blank\" rel=\"noopener noreferrer\">Opera<\/a><\/b>,<b> <a href=\"http:\/\/help.opera.com\/Mac\/12.10\/en\/cookies.html\" target=\"_blank\" rel=\"noopener noreferrer\">in inglese.<\/a><\/b><\/li>\n<\/ol>\n<\/div>\n<p><a href=\"http:\/\/www.garanteprivacy.it\/web\/guest\/home\/docweb\/-\/docweb-display\/docweb\/2142939\" target=\"_blank\" rel=\"noopener noreferrer\">normativa completa sull&#8217;uso dei cookies.<\/a><\/p>\n<\/div>\n<\/div>\n<\/div>\n<\/div>\n<\/div>\n<\/div>\n<\/div>\n<\/div>\n<\/div>\n<\/div>\n<\/div>\n<\/div>\n","protected":false},"excerpt":{"rendered":"<p>&nbsp; &nbsp; &nbsp; Politica dei cookie di questo sito in ottemperanza alla direttiva del Garante della Privacy. &nbsp; Il Garante della Privacy ha recepito una direttiva europea che impone agli amministratori delle pagine web di mostrare ai visitatori un banner che li informa di quale sia lo politica dei cookie del sito che stanno consultando  [&#8230;]<\/p>\n","protected":false},"author":2,"featured_media":0,"parent":45,"menu_order":0,"comment_status":"open","ping_status":"closed","template":"","meta":{"_bbp_topic_count":0,"_bbp_reply_count":0,"_bbp_total_topic_count":0,"_bbp_total_reply_count":0,"_bbp_voice_count":0,"_bbp_anonymous_reply_count":0,"_bbp_topic_count_hidden":0,"_bbp_reply_count_hidden":0,"_bbp_forum_subforum_count":0,"ngg_post_thumbnail":0,"footnotes":""},"class_list":["post-2402","page","type-page","status-publish","hentry"],"_links":{"self":[{"href":"https:\/\/www.alpa.it\/index.php\/wp-json\/wp\/v2\/pages\/2402","targetHints":{"allow":["GET"]}}],"collection":[{"href":"https:\/\/www.alpa.it\/index.php\/wp-json\/wp\/v2\/pages"}],"about":[{"href":"https:\/\/www.alpa.it\/index.php\/wp-json\/wp\/v2\/types\/page"}],"author":[{"embeddable":true,"href":"https:\/\/www.alpa.it\/index.php\/wp-json\/wp\/v2\/users\/2"}],"replies":[{"embeddable":true,"href":"https:\/\/www.alpa.it\/index.php\/wp-json\/wp\/v2\/comments?post=2402"}],"version-history":[{"count":1,"href":"https:\/\/www.alpa.it\/index.php\/wp-json\/wp\/v2\/pages\/2402\/revisions"}],"predecessor-version":[{"id":5510,"href":"https:\/\/www.alpa.it\/index.php\/wp-json\/wp\/v2\/pages\/2402\/revisions\/5510"}],"up":[{"embeddable":true,"href":"https:\/\/www.alpa.it\/index.php\/wp-json\/wp\/v2\/pages\/45"}],"wp:attachment":[{"href":"https:\/\/www.alpa.it\/index.php\/wp-json\/wp\/v2\/media?parent=2402"}],"curies":[{"name":"wp","href":"https:\/\/api.w.org\/{rel}","templated":true}]}}